{"id":39,"date":"2022-11-28T11:00:30","date_gmt":"2022-11-28T11:00:30","guid":{"rendered":"https:\/\/www.vegmarine.fr\/?post_type=product&#038;p=39"},"modified":"2026-02-10T11:40:43","modified_gmt":"2026-02-10T11:40:43","slug":"tendinacre-flash","status":"publish","type":"product","link":"https:\/\/www.vegmarine.fr\/en\/product\/tendinacre-flash\/","title":{"rendered":"EQUINACRE Tendinacre Flash"},"content":{"rendered":"","protected":false},"excerpt":{"rendered":"<p class=\"p1\">Soin \u00e0 usage externe 100 % naturel, formul\u00e9 pour agir sp\u00e9cifiquement sur les tendons et les articulations du cheval. Il prot\u00e8ge, r\u00e9pare en cas de l\u00e9sion, d\u2019inflammation, d\u2019engorgement et restructure continuellement les tendons.<\/p>\n<p>&nbsp;<\/p>\n<p class=\"p1\">D<span class=\"a_GcMg font-feature-liga-off font-feature-clig-off font-feature-calt-off text-decoration-none text-strikethrough-none\">ans ce soin, la <strong>nacre de Pinctada Maxima HQPC<\/strong> (Haute Qualit\u00e9 Puret\u00e9 Certifi\u00e9e) agit en synergie avec un complexe d\u2019huile v\u00e9g\u00e9tale vierge, d\u2019extraits de v\u00e9g\u00e9taux et d\u2019huiles essentielles s\u00e9lectionn\u00e9es afin d\u2019obtenir des r\u00e9sultats rapides. La formulation de TENDINACRE FLASH permet une <\/span><strong><span class=\"a_GcMg font-feature-liga-off font-feature-clig-off font-feature-calt-off text-decoration-none text-strikethrough-none\">p\u00e9n\u00e9tration quasi<\/span> <span class=\"a_GcMg font-feature-liga-off font-feature-clig-off font-feature-calt-off text-decoration-none text-strikethrough-none\">imm\u00e9diate, ce qui permet une action en profondeur<\/span><span class=\"a_GcMg font-feature-liga-off font-feature-clig-off font-feature-calt-off text-decoration-none text-strikethrough-none\">.<\/span><\/strong><\/p>\n<p>&nbsp;<\/p>\n<p><b>PROPRI\u00c9T\u00c9S<\/b><\/p>\n<p class=\"p3\"><span class=\"a_GcMg font-feature-liga-off font-feature-clig-off font-feature-calt-off text-decoration-none text-strikethrough-none\">Afin de g\u00e9n\u00e9rer un r\u00e9el effet flash nous avons introduit notre nacre dans un complexe d\u2019huile v\u00e9g\u00e9tale vierge, d\u2019extraits de v\u00e9g\u00e9taux et d\u2019huiles essentielles aux propri\u00e9t\u00e9s anti-\u0153d\u00e9mateuses, anti-inflammatoires, myorelaxantes et d\u00e9congestionnantes.<\/span><\/p>\n<p>&nbsp;<\/p>\n<p class=\"p5\"><b>INDICATIONS<\/b><\/p>\n<ul class=\"ul1\">\n<li class=\"li3\">Protection, entretien, r\u00e9cup\u00e9ration des tendons apr\u00e8s un gros effort.<\/li>\n<li class=\"li3\">Inflammation du tendon.<\/li>\n<li class=\"li3\">Engorgement<\/li>\n<li class=\"li3\">Molettes<\/li>\n<\/ul>\n<p>&nbsp;<\/p>\n<p>&nbsp;<\/p>","protected":false},"featured_media":9785,"comment_status":"open","ping_status":"closed","template":"","meta":{"_et_pb_use_builder":"off","_et_pb_old_content":"","_et_gb_content_width":"","wds_primary_product_brand":0,"wds_primary_product_cat":0},"product_brand":[],"product_cat":[19],"product_tag":[],"class_list":{"0":"post-39","1":"product","2":"type-product","3":"status-publish","4":"has-post-thumbnail","6":"product_cat-chevaux","8":"first","9":"instock","10":"taxable","11":"shipping-taxable","12":"purchasable","13":"product-type-simple"},"_links":{"self":[{"href":"https:\/\/www.vegmarine.fr\/en\/wp-json\/wp\/v2\/product\/39","targetHints":{"allow":["GET"]}}],"collection":[{"href":"https:\/\/www.vegmarine.fr\/en\/wp-json\/wp\/v2\/product"}],"about":[{"href":"https:\/\/www.vegmarine.fr\/en\/wp-json\/wp\/v2\/types\/product"}],"replies":[{"embeddable":true,"href":"https:\/\/www.vegmarine.fr\/en\/wp-json\/wp\/v2\/comments?post=39"}],"wp:featuredmedia":[{"embeddable":true,"href":"https:\/\/www.vegmarine.fr\/en\/wp-json\/wp\/v2\/media\/9785"}],"wp:attachment":[{"href":"https:\/\/www.vegmarine.fr\/en\/wp-json\/wp\/v2\/media?parent=39"}],"wp:term":[{"taxonomy":"product_brand","embeddable":true,"href":"https:\/\/www.vegmarine.fr\/en\/wp-json\/wp\/v2\/product_brand?post=39"},{"taxonomy":"product_cat","embeddable":true,"href":"https:\/\/www.vegmarine.fr\/en\/wp-json\/wp\/v2\/product_cat?post=39"},{"taxonomy":"product_tag","embeddable":true,"href":"https:\/\/www.vegmarine.fr\/en\/wp-json\/wp\/v2\/product_tag?post=39"}],"curies":[{"name":"wp","href":"https:\/\/api.w.org\/{rel}","templated":true}]}}