{"id":56,"date":"2022-11-28T13:19:36","date_gmt":"2022-11-28T13:19:36","guid":{"rendered":"https:\/\/www.vegmarine.fr\/?post_type=product&#038;p=56"},"modified":"2025-12-09T14:18:42","modified_gmt":"2025-12-09T14:18:42","slug":"energofast-action","status":"publish","type":"product","link":"https:\/\/www.vegmarine.fr\/en\/product\/energofast-action\/","title":{"rendered":"ENERGOFAST Action"},"content":{"rendered":"","protected":false},"excerpt":{"rendered":"<p><b>ENERGOFAST ACTION, <\/b><span style=\"font-weight: 400\">compl\u00e9ment alimentaire de derni\u00e8re g\u00e9n\u00e9ration modificateur de terrain \u00e0 pr\u00e9dominance musculaire et ost\u00e9o-articulaire qui allie <\/span><b>la Pure Nacre+ HQPC<\/b><span style=\"font-weight: 400\"> \u00e0 des actifs v\u00e9g\u00e9taux, <\/span><b>A\u00e7a\u00ef, Guarana et Ac\u00e9rola<\/b><span style=\"font-weight: 400\">. C&rsquo;<\/span><span style=\"font-weight: 400\">est la premi\u00e8re association <\/span><b>organo-min\u00e9ralo-v\u00e9g\u00e9tale naturelle<\/b><span style=\"font-weight: 400\"> dont tous les principes actifs sont indispensables \u00e0 <\/span><b>l&rsquo;hom\u00e9ostasie et \u00e0 la stimulation de l\u2019organisme<\/b><span style=\"font-weight: 400\"> sollicit\u00e9 r\u00e9guli\u00e8rement et intens\u00e9ment.<\/span><\/p>\n<p>&nbsp;<\/p>\n<p><b>LA NACRE<\/b><span style=\"font-weight: 400\"> est un complexe organo-min\u00e9ral aux propri\u00e9t\u00e9s exceptionnelles, dues \u00e0 sa composition mais aussi \u00e0 sa structure. Elle contient la quasi-totalit\u00e9 des prot\u00e9ines, des acides amin\u00e9s, des min\u00e9raux et des oligo\u00e9l\u00e9ments intervenant dans toutes les r\u00e9actions biologiques du m\u00e9tabolisme cellulaire et n\u00e9cessaires \u00e0 l\u2019hom\u00e9ostasie, c&rsquo;est-\u00e0-dire au bon \u00e9quilibre et au bon fonctionnement de l\u2019organisme.<\/span><\/p>\n<p>&nbsp;<\/p>\n<p><span style=\"font-weight: 400\">Les acides amin\u00e9s et les prot\u00e9ines contenues dans <\/span><b>la nacre<\/b><span style=\"font-weight: 400\"> sont essentiels \u00e0\u00a0<\/span><span style=\"font-weight: 400\">la nutrition,\u00a0<\/span><span style=\"font-weight: 400\">la contraction,\u00a0<\/span><span style=\"font-weight: 400\">l&rsquo;endurance,\u00a0<\/span><span style=\"font-weight: 400\">le d\u00e9veloppement,\u00a0<\/span><span style=\"font-weight: 400\">la r\u00e9cup\u00e9ration,\u00a0<\/span><span style=\"font-weight: 400\">la r\u00e9paration, <\/span><span style=\"font-weight: 400\">la respiration cellulaire de la fibre musculaire.\u00a0<\/span><\/p>\n<p>&nbsp;<\/p>\n<p><span style=\"font-weight: 400\">En outre, <\/span><b>sa richesse<\/b><span style=\"font-weight: 400\"> en glycosaminoglycanes, prot\u00e9oglycanes et en glycoprot\u00e9ines permet de <\/span><b>pr\u00e9server les articulations<\/b><span style=\"font-weight: 400\"> et\/ou <\/span><b>r\u00e9g\u00e9n\u00e9rer<\/b> <b>les cartilages<\/b><span style=\"font-weight: 400\"> alors que le calcium naissant <\/span><b>pr\u00e9vient la d\u00e9min\u00e9ralisation osseuse<\/b><span style=\"font-weight: 400\">.<\/span><\/p>\n<p>&nbsp;<\/p>\n<p><b>L&rsquo;A\u00c7A\u00cf et l&rsquo;ACEROLA<\/b><span style=\"font-weight: 400\">, actifs v\u00e9g\u00e9taux, compl\u00e8tent les effets des actifs pr\u00e9sents dans <\/span><b>la nacre<\/b><span style=\"font-weight: 400\"> en am\u00e9liorant\u00a0:<\/span><\/p>\n<ul>\n<li><span style=\"font-weight: 400\">la <\/span><b>condition<\/b> <b>physique,\u00a0<\/b><\/li>\n<li style=\"font-weight: 400\"><span style=\"font-weight: 400\">en<\/span><b> renfor\u00e7ant<\/b> <b>les d\u00e9fenses immunitaires<\/b><span style=\"font-weight: 400\">,\u00a0<\/span><\/li>\n<li style=\"font-weight: 400\"><span style=\"font-weight: 400\">en <\/span><b>neutralisant l&rsquo;action oxydative des radicaux libres<\/b><span style=\"font-weight: 400\">.<\/span><\/li>\n<\/ul>\n<p>&nbsp;<\/p>\n<p><b>LE GUARANA<\/b><span style=\"font-weight: 400\"> a des propri\u00e9t\u00e9s vasodilatatrices, bronchodilatatrices et cardio-stimulantes de par <\/span><b>les nutriments pr\u00e9sents dans la caf\u00e9ine <\/b><span style=\"font-weight: 400\">du<\/span><b> Guarana<\/b><span style=\"font-weight: 400\"> favorisant ainsi les <\/span><b>fonctions cardio-respiratoires<\/b> <b>et am\u00e9liorant<\/b> <b>globalement<\/b> <b>les \u00e9changes gazeux alv\u00e9olaires et sanguins<\/b><span style=\"font-weight: 400\">. Cela permet une <\/span><b>meilleure oxyg\u00e9nation musculaire<\/b><span style=\"font-weight: 400\"> en apportant davantage d&rsquo;oxyg\u00e8ne aux muscles et en optimisant l&rsquo;\u00e9limination du CO2. Son action <\/span><b>neurostimulante accroit l&rsquo;implication, la coordination, la concentration et la motivation<\/b><span style=\"font-weight: 400\">&#8230;<\/span><\/p>\n<p>&nbsp;<\/p>\n<p><b>INDICATIONS\u00a0<\/b><\/p>\n<p>&nbsp;<\/p>\n<p><span style=\"font-weight: 400\">Adapt\u00e9 aux sportifs de tout niveau souhaitant <\/span><b>apporter \u00e0 leur organisme tous les nutriments qui contribuent \u00e0<\/b><span style=\"font-weight: 400\">\u00a0:<\/span><\/p>\n<ul>\n<li style=\"font-weight: 400\"><span style=\"font-weight: 400\">intensifier leurs efforts,\u00a0<\/span><\/li>\n<li style=\"font-weight: 400\"><span style=\"font-weight: 400\">am\u00e9liorer leurs performances\u00a0<\/span><\/li>\n<li style=\"font-weight: 400\"><span style=\"font-weight: 400\">et\/ou accro\u00eetre leur masse musculaire\u00a0<\/span><\/li>\n<\/ul>\n<p><span style=\"font-weight: 400\">en pratiquant, bien entendu, un entra\u00eenement appropri\u00e9, et cela naturellement et sans risque pour la sant\u00e9.<\/span><\/p>\n<p>&nbsp;<\/p>\n<p><span style=\"font-weight: 400\">Pour la s\u00e9curit\u00e9 des sportifs pratiquant les comp\u00e9titions, ENERGOFAST ACTION est certifi\u00e9 non dopant par le label SPORT PROTECT.<\/span><\/p>\n<p><a href=\"https:\/\/www.vegmarine.fr\/wp-content\/uploads\/2023\/01\/CERTIFICAT-LABEL-VEGMARINE.pdf\" target=\"_blank\" rel=\"noopener\"><img loading=\"lazy\" decoding=\"async\" class=\"aligncenter wp-image-1165\" src=\"https:\/\/www.vegmarine.fr\/wp-content\/uploads\/2022\/11\/SP-lab-H-1-300x145.png\" alt=\"\" width=\"124\" height=\"60\" \/><\/a><\/p>\n<p>&nbsp;<\/p>\n<p>&nbsp;<\/p>","protected":false},"featured_media":690,"comment_status":"open","ping_status":"closed","template":"","meta":{"_et_pb_use_builder":"off","_et_pb_old_content":"","_et_gb_content_width":"","wds_primary_product_brand":0,"wds_primary_product_cat":0},"product_brand":[],"product_cat":[18],"product_tag":[],"class_list":{"0":"post-56","1":"product","2":"type-product","3":"status-publish","4":"has-post-thumbnail","6":"product_cat-sport","8":"first","9":"instock","10":"taxable","11":"shipping-taxable","12":"purchasable","13":"product-type-simple"},"_links":{"self":[{"href":"https:\/\/www.vegmarine.fr\/en\/wp-json\/wp\/v2\/product\/56","targetHints":{"allow":["GET"]}}],"collection":[{"href":"https:\/\/www.vegmarine.fr\/en\/wp-json\/wp\/v2\/product"}],"about":[{"href":"https:\/\/www.vegmarine.fr\/en\/wp-json\/wp\/v2\/types\/product"}],"replies":[{"embeddable":true,"href":"https:\/\/www.vegmarine.fr\/en\/wp-json\/wp\/v2\/comments?post=56"}],"wp:featuredmedia":[{"embeddable":true,"href":"https:\/\/www.vegmarine.fr\/en\/wp-json\/wp\/v2\/media\/690"}],"wp:attachment":[{"href":"https:\/\/www.vegmarine.fr\/en\/wp-json\/wp\/v2\/media?parent=56"}],"wp:term":[{"taxonomy":"product_brand","embeddable":true,"href":"https:\/\/www.vegmarine.fr\/en\/wp-json\/wp\/v2\/product_brand?post=56"},{"taxonomy":"product_cat","embeddable":true,"href":"https:\/\/www.vegmarine.fr\/en\/wp-json\/wp\/v2\/product_cat?post=56"},{"taxonomy":"product_tag","embeddable":true,"href":"https:\/\/www.vegmarine.fr\/en\/wp-json\/wp\/v2\/product_tag?post=56"}],"curies":[{"name":"wp","href":"https:\/\/api.w.org\/{rel}","templated":true}]}}